{"id":9,"date":"2023-03-24T12:49:47","date_gmt":"2023-03-24T12:49:47","guid":{"rendered":"https:\/\/impligo.se\/?page_id=9"},"modified":"2025-09-16T07:25:34","modified_gmt":"2025-09-16T07:25:34","slug":"hem-2","status":"publish","type":"page","link":"https:\/\/impligo.se\/","title":{"rendered":"Impligo"},"content":{"rendered":"<div id=\"cs-content\" class=\"cs-content\"><\/div>\n","protected":false},"excerpt":{"rendered":"<p>IMPLIGOTillsammans skapar vi f\u00f6ruts\u00e4ttningar f\u00f6r ett bra arbetslivFunderar du &ouml;ver vad det &auml;r som inte fungerar i din arbetsgrupp? Funderar du &ouml;ver varf&ouml;r det blir bra ibland och mindre bra ibland? Vill du utvecklas i din roll och bli b&auml;ttre p&aring; att skapa l&auml;rande? F&ouml;r dig sj&auml;lv och f&ouml;r andra? Varmt v&auml;lkommen att kontakt mig! Jag heter Johan M&ouml;ller, psykolog &#8230; <a href=\"https:\/\/impligo.se\/\" class=\"more-link\">Read More<\/a><\/p>\n","protected":false},"author":1,"featured_media":0,"parent":0,"menu_order":0,"comment_status":"closed","ping_status":"closed","template":"template-blank-6.php","meta":{"footnotes":""},"class_list":["post-9","page","type-page","status-publish","hentry","no-post-thumbnail"],"_links":{"self":[{"href":"https:\/\/impligo.se\/index.php?rest_route=\/wp\/v2\/pages\/9","targetHints":{"allow":["GET"]}}],"collection":[{"href":"https:\/\/impligo.se\/index.php?rest_route=\/wp\/v2\/pages"}],"about":[{"href":"https:\/\/impligo.se\/index.php?rest_route=\/wp\/v2\/types\/page"}],"author":[{"embeddable":true,"href":"https:\/\/impligo.se\/index.php?rest_route=\/wp\/v2\/users\/1"}],"replies":[{"embeddable":true,"href":"https:\/\/impligo.se\/index.php?rest_route=%2Fwp%2Fv2%2Fcomments&post=9"}],"version-history":[{"count":16,"href":"https:\/\/impligo.se\/index.php?rest_route=\/wp\/v2\/pages\/9\/revisions"}],"predecessor-version":[{"id":29,"href":"https:\/\/impligo.se\/index.php?rest_route=\/wp\/v2\/pages\/9\/revisions\/29"}],"wp:attachment":[{"href":"https:\/\/impligo.se\/index.php?rest_route=%2Fwp%2Fv2%2Fmedia&parent=9"}],"curies":[{"name":"wp","href":"https:\/\/api.w.org\/{rel}","templated":true}]}}